{"id":206,"date":"2020-01-25T08:08:11","date_gmt":"2020-01-25T08:08:11","guid":{"rendered":"https:\/\/demo.shadow-themes.com\/wp\/ashade\/?page_id=206"},"modified":"2023-10-19T20:46:42","modified_gmt":"2023-10-19T20:46:42","slug":"testimonials","status":"publish","type":"page","link":"https:\/\/www.adoraink.com\/index.php\/testimonials\/","title":{"rendered":"Testimonials"},"content":{"rendered":"\t\t<div data-elementor-type=\"wp-page\" data-elementor-id=\"206\" class=\"elementor elementor-206\">\n\t\t\t\t\t\t<section class=\"elementor-section elementor-top-section elementor-element elementor-element-d7a02df elementor-section-full_width elementor-section-content-middle elementor-section-height-default elementor-section-height-default\" data-id=\"d7a02df\" data-element_type=\"section\">\n\t\t\t\t\t\t<div class=\"elementor-container elementor-column-gap-default\">\n\t\t\t\t\t<div class=\"elementor-column elementor-col-33 elementor-top-column elementor-element elementor-element-124488e\" data-id=\"124488e\" data-element_type=\"column\">\n\t\t\t<div class=\"elementor-widget-wrap elementor-element-populated\">\n\t\t\t\t\t\t<div class=\"elementor-element elementor-element-804ae8e elementor-widget elementor-widget-heading\" data-id=\"804ae8e\" data-element_type=\"widget\" data-widget_type=\"heading.default\">\n\t\t\t\t<div class=\"elementor-widget-container\">\n\t\t\t\t\t<h2 class=\"elementor-heading-title elementor-size-default\"><span>Friend's reviews<\/span>\nBackstory<\/h2>\t\t\t\t<\/div>\n\t\t\t\t<\/div>\n\t\t\t\t\t<\/div>\n\t\t<\/div>\n\t\t\t\t<div class=\"elementor-column elementor-col-33 elementor-top-column elementor-element elementor-element-dcfb383\" data-id=\"dcfb383\" data-element_type=\"column\">\n\t\t\t<div class=\"elementor-widget-wrap elementor-element-populated\">\n\t\t\t\t\t\t<div class=\"elementor-element elementor-element-e7fa469 elementor-widget elementor-widget-text-editor\" data-id=\"e7fa469\" data-element_type=\"widget\" data-widget_type=\"text-editor.default\">\n\t\t\t\t<div class=\"elementor-widget-container\">\n\t\t\t\t\t\t\t\t\t<p>\u00a0\u00a0\u00a0\u00a0\u00a0\u00a0\u00a0\u00a0\u00a0\u00a0\u00a0<\/p><p>In every chapter of my life, I have had the good fortune to have a circle of exceptional people who have been my cornerstone and a source of inspiration. Thanks to their unwavering support, I have become who I am today, and for that, I will be eternally grateful.<\/p><p>In every step I take, in every achievement I reach, it is a reflection of the love, encouragement, and guidance I have received from my family, friends, and mentors. They are the ones who have propelled me to overcome obstacles, to dream big, and to never give up on my goals.&#8221;<\/p>\t\t\t\t\t\t\t\t<\/div>\n\t\t\t\t<\/div>\n\t\t\t\t\t<\/div>\n\t\t<\/div>\n\t\t\t\t<div class=\"elementor-column elementor-col-33 elementor-top-column elementor-element elementor-element-2a5f59c\" data-id=\"2a5f59c\" data-element_type=\"column\">\n\t\t\t<div class=\"elementor-widget-wrap elementor-element-populated\">\n\t\t\t\t\t\t\t<\/div>\n\t\t<\/div>\n\t\t\t\t\t<\/div>\n\t\t<\/section>\n\t\t\t\t<section class=\"elementor-section elementor-top-section elementor-element elementor-element-71a34df elementor-section-boxed elementor-section-height-default elementor-section-height-default\" data-id=\"71a34df\" data-element_type=\"section\">\n\t\t\t\t\t\t<div class=\"elementor-container elementor-column-gap-default\">\n\t\t\t\t\t<div class=\"elementor-column elementor-col-100 elementor-top-column elementor-element elementor-element-44392d3\" data-id=\"44392d3\" data-element_type=\"column\">\n\t\t\t<div class=\"elementor-widget-wrap elementor-element-populated\">\n\t\t\t\t\t\t<div class=\"elementor-element elementor-element-115b364 shadowcore-op-above--yes shadowcore-testimonials-layout--horizontal shadowcore-swap-head--no shadowcore-swap-cotent--no shadowcore-rating--column elementor-widget elementor-widget-shadow-testimonials-grid\" data-id=\"115b364\" data-element_type=\"widget\" data-widget_type=\"shadow-testimonials-grid.default\">\n\t\t\t\t<div class=\"elementor-widget-container\">\n\t\t\t\t\t\t\t<div class=\"shadowcore-testimonials-grid shadowcore-is-masonry\" data-id=\"115b364\">\n\t\t\t\t\t<div class=\"shadowcore-testimonials-item\">\n\t\t\t\t<div class=\"shadowcore-testimonials-item__author\">\n\t\t\t\t\t<div class=\"shadowcore-testimonials-item__author--image\">\n\t\t\t\t\t\t<div class=\"shadowcore-gallery-image shadowcore-div-image\" data-src=\"https:\/\/www.adoraink.com\/wp-content\/uploads\/2023\/10\/343477045_902654887511086_2580863168828410367_n-768x768.jpg\">\n\t\t\t\t\t\t\t<img \n\t\t\t\t\t\t\tsrc=\"data:image\/svg+xml,%3Csvg%20xmlns='http:\/\/www.w3.org\/2000\/svg'%20viewBox='0%200%20512%20512'%3E%3C\/svg%3E\"\n\t\t\t\t\t\t\talt=\"\">\n\t\t\t\t\t\t<\/div>\n\t\t\t\t\t<\/div>\n\t\t\t\t\t<div class=\"shadowcore-testimonials-item__author--name\">\n\t\t\t\t\t\t<span>Trazos Tattoo Studio<\/span>\n\t\t\t\t\t\t Yolanda\t\t\t\t\t\t<span>Trazos Tattoo Studio<\/span>\n\t\t\t\t\t<\/div>\n\t\t\t\t<\/div><!-- .shadowcore-testimonials-item__author -->\n\t\t\t\t<div class=\"shadowcore-testimonials-item__content\">\n\t\t\t\t\t\t\t\t\t\t<div class=\"shadowcore-testimonials-item__stars\">\n\t\t\t\t\t\t\n\t\t\t\t\t\t\t<svg xmlns=\"http:\/\/www.w3.org\/2000\/svg\" width=\"14.313\" height=\"13.625\" viewBox=\"0 0 14.313 13.625\">\n\t\t\t\t\t\t\t\t<path d=\"M-.844-7.719-4.625-4.312l1.063,5L-8-1.844-12.437.688l1.063-5-3.781-3.406,5.063-.531L-8-12.937-5.906-8.25Z\" transform=\"translate(15.156 12.938)\" fill=\"#404040\"\/>\n\t\t\t\t\t\t\t<\/svg>\n\n\t\t\t\t\t\t\t\n\t\t\t\t\t\t\t<svg xmlns=\"http:\/\/www.w3.org\/2000\/svg\" width=\"14.313\" height=\"13.625\" viewBox=\"0 0 14.313 13.625\">\n\t\t\t\t\t\t\t\t<path d=\"M-.844-7.719-4.625-4.312l1.063,5L-8-1.844-12.437.688l1.063-5-3.781-3.406,5.063-.531L-8-12.937-5.906-8.25Z\" transform=\"translate(15.156 12.938)\" fill=\"#404040\"\/>\n\t\t\t\t\t\t\t<\/svg>\n\n\t\t\t\t\t\t\t\n\t\t\t\t\t\t\t<svg xmlns=\"http:\/\/www.w3.org\/2000\/svg\" width=\"14.313\" height=\"13.625\" viewBox=\"0 0 14.313 13.625\">\n\t\t\t\t\t\t\t\t<path d=\"M-.844-7.719-4.625-4.312l1.063,5L-8-1.844-12.437.688l1.063-5-3.781-3.406,5.063-.531L-8-12.937-5.906-8.25Z\" transform=\"translate(15.156 12.938)\" fill=\"#404040\"\/>\n\t\t\t\t\t\t\t<\/svg>\n\n\t\t\t\t\t\t\t\n\t\t\t\t\t\t\t<svg xmlns=\"http:\/\/www.w3.org\/2000\/svg\" width=\"14.313\" height=\"13.625\" viewBox=\"0 0 14.313 13.625\">\n\t\t\t\t\t\t\t\t<path d=\"M-.844-7.719-4.625-4.312l1.063,5L-8-1.844-12.437.688l1.063-5-3.781-3.406,5.063-.531L-8-12.937-5.906-8.25Z\" transform=\"translate(15.156 12.938)\" fill=\"#404040\"\/>\n\t\t\t\t\t\t\t<\/svg>\n\n\t\t\t\t\t\t\t\n\t\t\t\t\t\t\t<svg xmlns=\"http:\/\/www.w3.org\/2000\/svg\" width=\"14.313\" height=\"13.625\" viewBox=\"0 0 14.313 13.625\">\n\t\t\t\t\t\t\t\t<path d=\"M-.844-7.719-4.625-4.312l1.063,5L-8-1.844-12.437.688l1.063-5-3.781-3.406,5.063-.531L-8-12.937-5.906-8.25Z\" transform=\"translate(15.156 12.938)\" fill=\"#404040\"\/>\n\t\t\t\t\t\t\t<\/svg>\n\n\t\t\t\t\t\t\t\t\t\t\t\t<\/div>\n\t\t\t\t\t\t\t\t\t\t<div class=\"shadowcore-testimonials-item__content-inner\">\n\t\t\t\t\t\tNo recuerdo cuando fue el primer dia que contacto con Ana, solo se las ganas de aprender que tenia, y la ansiedad por tatuar. Tanto es que me recordaba a mi de peque\u00f1a constantemente, tengo una foto suya colgada en mi estudio y todos mis clientes me preguntan si es mi hija. \nEl caso es que no conoci\u00e9ndola la quiero un mont\u00f3n, y solo puedo decir de ella que como artista llegara muy lejos. \nF\u00edjense bien en ella, no la despisten y tendr\u00e1n ante ustedes dentro de cada vez menos a una gran tatuadora ganando esos premios que desea. \nEs pertinaz, trabajadora, inquietante y sobre todo, una gran futura artista.\t\t\t\t\t<\/div><!-- .shadowcore-testimonials-item__content-inner -->\n\t\t\t\t<\/div><!-- .shadowcore-testimonials-item__content -->\n\t\t\t<\/div><!-- .shadowcore-testimonials-item -->\n\t\t\t\t\t\t<div class=\"shadowcore-testimonials-item\">\n\t\t\t\t<div class=\"shadowcore-testimonials-item__author\">\n\t\t\t\t\t<div class=\"shadowcore-testimonials-item__author--image\">\n\t\t\t\t\t\t<div class=\"shadowcore-gallery-image shadowcore-div-image\" data-src=\"https:\/\/www.adoraink.com\/wp-content\/uploads\/2023\/10\/Screenshot-2023-10-18-at-17.53.25-768x851.png\">\n\t\t\t\t\t\t\t<img \n\t\t\t\t\t\t\tsrc=\"data:image\/svg+xml,%3Csvg%20xmlns='http:\/\/www.w3.org\/2000\/svg'%20viewBox='0%200%20512%20512'%3E%3C\/svg%3E\"\n\t\t\t\t\t\t\talt=\"\">\n\t\t\t\t\t\t<\/div>\n\t\t\t\t\t<\/div>\n\t\t\t\t\t<div class=\"shadowcore-testimonials-item__author--name\">\n\t\t\t\t\t\t<span>XANDRO TATTOO STUDIO<\/span>\n\t\t\t\t\t\tXandro\t\t\t\t\t\t<span>XANDRO TATTOO STUDIO<\/span>\n\t\t\t\t\t<\/div>\n\t\t\t\t<\/div><!-- .shadowcore-testimonials-item__author -->\n\t\t\t\t<div class=\"shadowcore-testimonials-item__content\">\n\t\t\t\t\t\t\t\t\t\t<div class=\"shadowcore-testimonials-item__stars\">\n\t\t\t\t\t\t\n\t\t\t\t\t\t\t<svg xmlns=\"http:\/\/www.w3.org\/2000\/svg\" width=\"14.313\" height=\"13.625\" viewBox=\"0 0 14.313 13.625\">\n\t\t\t\t\t\t\t\t<path d=\"M-.844-7.719-4.625-4.312l1.063,5L-8-1.844-12.437.688l1.063-5-3.781-3.406,5.063-.531L-8-12.937-5.906-8.25Z\" transform=\"translate(15.156 12.938)\" fill=\"#404040\"\/>\n\t\t\t\t\t\t\t<\/svg>\n\n\t\t\t\t\t\t\t\n\t\t\t\t\t\t\t<svg xmlns=\"http:\/\/www.w3.org\/2000\/svg\" width=\"14.313\" height=\"13.625\" viewBox=\"0 0 14.313 13.625\">\n\t\t\t\t\t\t\t\t<path d=\"M-.844-7.719-4.625-4.312l1.063,5L-8-1.844-12.437.688l1.063-5-3.781-3.406,5.063-.531L-8-12.937-5.906-8.25Z\" transform=\"translate(15.156 12.938)\" fill=\"#404040\"\/>\n\t\t\t\t\t\t\t<\/svg>\n\n\t\t\t\t\t\t\t\n\t\t\t\t\t\t\t<svg xmlns=\"http:\/\/www.w3.org\/2000\/svg\" width=\"14.313\" height=\"13.625\" viewBox=\"0 0 14.313 13.625\">\n\t\t\t\t\t\t\t\t<path d=\"M-.844-7.719-4.625-4.312l1.063,5L-8-1.844-12.437.688l1.063-5-3.781-3.406,5.063-.531L-8-12.937-5.906-8.25Z\" transform=\"translate(15.156 12.938)\" fill=\"#404040\"\/>\n\t\t\t\t\t\t\t<\/svg>\n\n\t\t\t\t\t\t\t\n\t\t\t\t\t\t\t<svg xmlns=\"http:\/\/www.w3.org\/2000\/svg\" width=\"14.313\" height=\"13.625\" viewBox=\"0 0 14.313 13.625\">\n\t\t\t\t\t\t\t\t<path d=\"M-.844-7.719-4.625-4.312l1.063,5L-8-1.844-12.437.688l1.063-5-3.781-3.406,5.063-.531L-8-12.937-5.906-8.25Z\" transform=\"translate(15.156 12.938)\" fill=\"#404040\"\/>\n\t\t\t\t\t\t\t<\/svg>\n\n\t\t\t\t\t\t\t\n\t\t\t\t\t\t\t<svg xmlns=\"http:\/\/www.w3.org\/2000\/svg\" width=\"14.313\" height=\"13.625\" viewBox=\"0 0 14.313 13.625\">\n\t\t\t\t\t\t\t\t<path d=\"M-.844-7.719-4.625-4.312l1.063,5L-8-1.844-12.437.688l1.063-5-3.781-3.406,5.063-.531L-8-12.937-5.906-8.25Z\" transform=\"translate(15.156 12.938)\" fill=\"#404040\"\/>\n\t\t\t\t\t\t\t<\/svg>\n\n\t\t\t\t\t\t\t\t\t\t\t\t<\/div>\n\t\t\t\t\t\t\t\t\t\t<div class=\"shadowcore-testimonials-item__content-inner\">\n\t\t\t\t\t\t&quot;En el mundo del arte y la creatividad, la edad es solo un n\u00famero, y Ana-Crista a sus tiernos 14 a\u00f1os, es la viva prueba de ello. Esta joven prodigio, con un talento innato y una pasi\u00f3n inquebrantable por el arte del tatuaje, ha cautivado a todos aquellos que tienen el privilegio de conocer su trabajo.\n\nSu futuro en el mundo del tatuaje es prometedor, y con su \u00e9tica de trabajo y su talento, estamos seguros de que continuar\u00e1 sorprendi\u00e9ndonos con su arte en los a\u00f1os venideros. Ana-Crista es un recordatorio de que el arte no conoce l\u00edmites de edad y que la pasi\u00f3n y la dedicaci\u00f3n pueden abrir puertas inimaginables, sin importar cu\u00e1n joven o peque\u00f1o sea el artista.&quot;\n\n\t\t\t\t\t<\/div><!-- .shadowcore-testimonials-item__content-inner -->\n\t\t\t\t<\/div><!-- .shadowcore-testimonials-item__content -->\n\t\t\t<\/div><!-- .shadowcore-testimonials-item -->\n\t\t\t\t\t\t<div class=\"shadowcore-testimonials-item\">\n\t\t\t\t<div class=\"shadowcore-testimonials-item__author\">\n\t\t\t\t\t<div class=\"shadowcore-testimonials-item__author--image\">\n\t\t\t\t\t\t<div class=\"shadowcore-gallery-image shadowcore-div-image\" data-src=\"https:\/\/www.adoraink.com\/wp-content\/uploads\/2023\/10\/new-website2-768x768.png\">\n\t\t\t\t\t\t\t<img \n\t\t\t\t\t\t\tsrc=\"data:image\/svg+xml,%3Csvg%20xmlns='http:\/\/www.w3.org\/2000\/svg'%20viewBox='0%200%20512%20512'%3E%3C\/svg%3E\"\n\t\t\t\t\t\t\talt=\"\">\n\t\t\t\t\t\t<\/div>\n\t\t\t\t\t<\/div>\n\t\t\t\t\t<div class=\"shadowcore-testimonials-item__author--name\">\n\t\t\t\t\t\t<span>Tattoo Artist<\/span>\n\t\t\t\t\t\tDavid Fernandez Serrano\t\t\t\t\t\t<span>Tattoo Artist<\/span>\n\t\t\t\t\t<\/div>\n\t\t\t\t<\/div><!-- .shadowcore-testimonials-item__author -->\n\t\t\t\t<div class=\"shadowcore-testimonials-item__content\">\n\t\t\t\t\t\t\t\t\t\t<div class=\"shadowcore-testimonials-item__stars\">\n\t\t\t\t\t\t\n\t\t\t\t\t\t\t<svg xmlns=\"http:\/\/www.w3.org\/2000\/svg\" width=\"14.313\" height=\"13.625\" viewBox=\"0 0 14.313 13.625\">\n\t\t\t\t\t\t\t\t<path d=\"M-.844-7.719-4.625-4.312l1.063,5L-8-1.844-12.437.688l1.063-5-3.781-3.406,5.063-.531L-8-12.937-5.906-8.25Z\" transform=\"translate(15.156 12.938)\" fill=\"#404040\"\/>\n\t\t\t\t\t\t\t<\/svg>\n\n\t\t\t\t\t\t\t\n\t\t\t\t\t\t\t<svg xmlns=\"http:\/\/www.w3.org\/2000\/svg\" width=\"14.313\" height=\"13.625\" viewBox=\"0 0 14.313 13.625\">\n\t\t\t\t\t\t\t\t<path d=\"M-.844-7.719-4.625-4.312l1.063,5L-8-1.844-12.437.688l1.063-5-3.781-3.406,5.063-.531L-8-12.937-5.906-8.25Z\" transform=\"translate(15.156 12.938)\" fill=\"#404040\"\/>\n\t\t\t\t\t\t\t<\/svg>\n\n\t\t\t\t\t\t\t\n\t\t\t\t\t\t\t<svg xmlns=\"http:\/\/www.w3.org\/2000\/svg\" width=\"14.313\" height=\"13.625\" viewBox=\"0 0 14.313 13.625\">\n\t\t\t\t\t\t\t\t<path d=\"M-.844-7.719-4.625-4.312l1.063,5L-8-1.844-12.437.688l1.063-5-3.781-3.406,5.063-.531L-8-12.937-5.906-8.25Z\" transform=\"translate(15.156 12.938)\" fill=\"#404040\"\/>\n\t\t\t\t\t\t\t<\/svg>\n\n\t\t\t\t\t\t\t\n\t\t\t\t\t\t\t<svg xmlns=\"http:\/\/www.w3.org\/2000\/svg\" width=\"14.313\" height=\"13.625\" viewBox=\"0 0 14.313 13.625\">\n\t\t\t\t\t\t\t\t<path d=\"M-.844-7.719-4.625-4.312l1.063,5L-8-1.844-12.437.688l1.063-5-3.781-3.406,5.063-.531L-8-12.937-5.906-8.25Z\" transform=\"translate(15.156 12.938)\" fill=\"#404040\"\/>\n\t\t\t\t\t\t\t<\/svg>\n\n\t\t\t\t\t\t\t\n\t\t\t\t\t\t\t<svg xmlns=\"http:\/\/www.w3.org\/2000\/svg\" width=\"14.313\" height=\"13.625\" viewBox=\"0 0 14.313 13.625\">\n\t\t\t\t\t\t\t\t<path d=\"M-.844-7.719-4.625-4.312l1.063,5L-8-1.844-12.437.688l1.063-5-3.781-3.406,5.063-.531L-8-12.937-5.906-8.25Z\" transform=\"translate(15.156 12.938)\" fill=\"#404040\"\/>\n\t\t\t\t\t\t\t<\/svg>\n\n\t\t\t\t\t\t\t\t\t\t\t\t<\/div>\n\t\t\t\t\t\t\t\t\t\t<div class=\"shadowcore-testimonials-item__content-inner\">\n\t\t\t\t\t\tCuando abra estudio en Estados Unidos y tengas vacaciones te vienes de aprendiz y artista invitada unos d\u00edas \ud83e\udef6 sigue tatuando y practicando de todo y paso a paso vas descubriendo que te gusta hacer m\u00e1s cuando lo sientas especial\u00edzate en eso \nNo solo se trata de saber dibujar bien o tatuar sino llegar a un alto grado de refinamiento eso es lo que marca la diferencia y no sientas presi\u00f3n nunca \nSi te abruma descansa y sal a la calle  \nTe vas a convertir en una gran artista un d\u00eda estar\u00e1s tatuando a famosos ya ver\u00e1s !!!\t\t\t\t\t<\/div><!-- .shadowcore-testimonials-item__content-inner -->\n\t\t\t\t<\/div><!-- .shadowcore-testimonials-item__content -->\n\t\t\t<\/div><!-- .shadowcore-testimonials-item -->\n\t\t\t\t\t<\/div><!-- .shadowcore-testimonials-grid -->\n\t\t\t\t\t\t<\/div>\n\t\t\t\t<\/div>\n\t\t\t\t\t<\/div>\n\t\t<\/div>\n\t\t\t\t\t<\/div>\n\t\t<\/section>\n\t\t\t\t<\/div>\n\t\t","protected":false},"excerpt":{"rendered":"<p>Friend&#8217;s reviews Backstory \u00a0\u00a0\u00a0\u00a0\u00a0\u00a0\u00a0\u00a0\u00a0\u00a0\u00a0 In every chapter of my life, I have had the good fortune to have a circle of exceptional people who have been my cornerstone and a source of inspiration. Thanks to their unwavering support, I have become who I am today, and for that, I will be eternally grateful. In every&#8230;<\/p>\n","protected":false},"author":1,"featured_media":0,"parent":0,"menu_order":0,"comment_status":"closed","ping_status":"closed","template":"","meta":{"footnotes":""},"class_list":["post-206","page","type-page","status-publish","hentry"],"_links":{"self":[{"href":"https:\/\/www.adoraink.com\/index.php\/wp-json\/wp\/v2\/pages\/206","targetHints":{"allow":["GET"]}}],"collection":[{"href":"https:\/\/www.adoraink.com\/index.php\/wp-json\/wp\/v2\/pages"}],"about":[{"href":"https:\/\/www.adoraink.com\/index.php\/wp-json\/wp\/v2\/types\/page"}],"author":[{"embeddable":true,"href":"https:\/\/www.adoraink.com\/index.php\/wp-json\/wp\/v2\/users\/1"}],"replies":[{"embeddable":true,"href":"https:\/\/www.adoraink.com\/index.php\/wp-json\/wp\/v2\/comments?post=206"}],"version-history":[{"count":33,"href":"https:\/\/www.adoraink.com\/index.php\/wp-json\/wp\/v2\/pages\/206\/revisions"}],"predecessor-version":[{"id":1151,"href":"https:\/\/www.adoraink.com\/index.php\/wp-json\/wp\/v2\/pages\/206\/revisions\/1151"}],"wp:attachment":[{"href":"https:\/\/www.adoraink.com\/index.php\/wp-json\/wp\/v2\/media?parent=206"}],"curies":[{"name":"wp","href":"https:\/\/api.w.org\/{rel}","templated":true}]}}